{"id":924,"date":"2010-05-10T20:04:52","date_gmt":"2010-05-10T18:04:52","guid":{"rendered":"http:\/\/parties-civiles-asso.fr\/blog\/?page_id=924"},"modified":"2021-10-15T08:54:47","modified_gmt":"2021-10-15T06:54:47","slug":"activites-ludiques","status":"publish","type":"page","link":"https:\/\/parties-civiles-asso.fr\/wordpress\/?page_id=924","title":{"rendered":"On y fait quoi ? Ou ? Et quand ?"},"content":{"rendered":"<p>Parties Civiles a pour but de cr\u00e9er des liens entre les joueurs du Tr\u00e9gor, quels que soient leurs jeux pr\u00e9f\u00e9r\u00e9es. La liste ci-dessous pr\u00e9sente certaines activit\u00e9s de l&rsquo;association. N&rsquo;h\u00e9sitez pas \u00e0 nous contacter pour \u00eatre mis en relation avec d&rsquo;autres joueurs ! Si votre activit\u00e9 ludique n&rsquo;est pas r\u00e9f\u00e9renc\u00e9e, prenez contact tout de m\u00eame avec nous en envoyant un courriel \u00e0 <span style=\"color: #008000;\">contact@ENLEVERparties-civiles-asso.fr<\/span> (enlevez le mot ENLEVER, pr\u00e9sent ici pour \u00e9viter le spam)<\/p>\n<p>&nbsp;<\/p>\n<p><strong>Jeux de plateau<\/strong><br \/>\nDes parties se tiennent tous les mardis et tous les vendredis soirs \u00e0 la maison de quartier de Servel.<\/p>\n<p><strong>Wargame<br \/>\n<\/strong>Des parties se tiennent les vendredis soirs \u00e0 la maison de quartier de Servel. Essentiellement sur des jeux de figurines : Warhammer 40000, Tr\u00f4ne de fer, Bolt Action, Star Wars &#8230;<\/p>\n<p><strong>Jeux de r\u00f4le<\/strong><br \/>\nLes parties de JdR ont g\u00e9n\u00e9ralement lieu hors de nos soir\u00e9es bi-hebdomadaire. Il peut s&rsquo;agir de \u00ab\u00a0One Shot\u00a0\u00bb ou de campagnes r\u00e9guli\u00e8res, en semaine ou en week end.<\/p>\n<p><strong>Murders Parties<br \/>\n<\/strong>D\u00e9pendant de la bonne volont\u00e9 de nos amis \u00ab\u00a0maitre du jeu\u00a0\u00bb, nous les accompagnons dans la r\u00e9alisation d&rsquo;\u00e9v\u00e8nements ludiques.<\/p>\n<p>&nbsp;<\/p>\n<p><strong>Jouer avec nous<\/strong><\/p>\n<p>Depuis l&rsquo;\u00e9t\u00e9 2018 le lieu de pratique de nos loisirs est <span style=\"color: #993300;\"><b>La Maison de Quartier de Servel<\/b><\/span> (Salle n\u00b04 \u00e0 minima)<\/p>\n<p>Tous les <strong>mardi<\/strong> et<strong> vendredi\u00a0<\/strong>soir \u00e0 partir de 20h30 (pour conna\u00eetre le moyen d&rsquo;acc\u00e9der aux locaux, cliquez &gt;&gt;&gt; <a href=\"https:\/\/goo.gl\/maps\/wNQWpCUjqCR2\">ici<\/a> &lt;&lt;&lt; : plan Google Maps ).<\/p>\n<p>Vous pouvez passer nous voir, jouer quelques parties pour vous convaincre \u00e0 quel point nous sommes sympathiques et passionn\u00e9es \ud83d\ude42 Pour participer \u00e0 nos soir\u00e9es de fa\u00e7on r\u00e9guli\u00e8re il faudra devenir membre de l&rsquo;association.<\/p>\n","protected":false},"excerpt":{"rendered":"<p>Parties Civiles a pour but de cr\u00e9er des liens entre les joueurs du Tr\u00e9gor, quels que soient leurs jeux pr\u00e9f\u00e9r\u00e9es. La liste ci-dessous pr\u00e9sente certaines activit\u00e9s de l&rsquo;association. N&rsquo;h\u00e9sitez pas \u00e0 nous contacter pour \u00eatre mis en relation avec d&rsquo;autres joueurs ! Si votre activit\u00e9 ludique n&rsquo;est pas r\u00e9f\u00e9renc\u00e9e, prenez contact tout de m\u00eame avec [&hellip;]<\/p>\n","protected":false},"author":2,"featured_media":0,"parent":0,"menu_order":2,"comment_status":"closed","ping_status":"closed","template":"","meta":[],"_links":{"self":[{"href":"https:\/\/parties-civiles-asso.fr\/wordpress\/index.php?rest_route=\/wp\/v2\/pages\/924"}],"collection":[{"href":"https:\/\/parties-civiles-asso.fr\/wordpress\/index.php?rest_route=\/wp\/v2\/pages"}],"about":[{"href":"https:\/\/parties-civiles-asso.fr\/wordpress\/index.php?rest_route=\/wp\/v2\/types\/page"}],"author":[{"embeddable":true,"href":"https:\/\/parties-civiles-asso.fr\/wordpress\/index.php?rest_route=\/wp\/v2\/users\/2"}],"replies":[{"embeddable":true,"href":"https:\/\/parties-civiles-asso.fr\/wordpress\/index.php?rest_route=%2Fwp%2Fv2%2Fcomments&post=924"}],"version-history":[{"count":13,"href":"https:\/\/parties-civiles-asso.fr\/wordpress\/index.php?rest_route=\/wp\/v2\/pages\/924\/revisions"}],"predecessor-version":[{"id":10755,"href":"https:\/\/parties-civiles-asso.fr\/wordpress\/index.php?rest_route=\/wp\/v2\/pages\/924\/revisions\/10755"}],"wp:attachment":[{"href":"https:\/\/parties-civiles-asso.fr\/wordpress\/index.php?rest_route=%2Fwp%2Fv2%2Fmedia&parent=924"}],"curies":[{"name":"wp","href":"https:\/\/api.w.org\/{rel}","templated":true}]}}