{"id":7565,"date":"2018-02-26T19:43:31","date_gmt":"2018-02-26T17:43:31","guid":{"rendered":"http:\/\/parties-civiles-asso.fr\/blog\/?page_id=7565"},"modified":"2025-09-27T17:59:34","modified_gmt":"2025-09-27T15:59:34","slug":"evenements","status":"publish","type":"page","link":"https:\/\/parties-civiles-asso.fr\/wordpress\/?page_id=7565","title":{"rendered":"\u00c9v\u00e9nements \/ Soir\u00e9es sp\u00e9ciales"},"content":{"rendered":"\r\n<p><span style=\"color: #008000;\"><strong>Date<\/strong><\/span> : 03 Octobre<\/p>\r\n<p><b>Assembl\u00e9e g\u00e9n\u00e9rale\u00a0<\/b><\/p>\r\n<p><span style=\"color: #000000;\">[A destination des adh\u00e9rents] Salle du Rusquet. Seul les membres \u00e0 jour peuvent voter!<\/span><\/p>\r\n<hr \/>\r\n<p>&nbsp;<\/p>\r\n<p><span style=\"color: #008000;\"><strong>Date<\/strong><\/span> : Dimanche 16 Novembre 2025<\/p>\r\n<p><b>Dimanche On Joue<\/b><\/p>\r\n<p><span style=\"color: #000000;\">[Ouvert \u00e0 tous] \u00e0 Partir de 14 h \u00e0 la salle de Servel.\u00a0 [pour les adh\u00e9rents seulement] \u00e0 partir de 19 h repas en mode auberge espagnole.<\/span><\/p>\r\n<p>&nbsp;<\/p>\r\n<p><span style=\"color: #008000;\"><strong>Date<\/strong><\/span> : Vendredi\u00a0 D\u00e9cembre\u00a0 (date exacte inconnue)<\/p>\r\n<p><b>Noel de Parties civiles<\/b><\/p>\r\n<p><span style=\"color: #000000;\">[A destination des adh\u00e9rents \u00e0 Partir de 20h30 \u00e0 la salle de Servel.\u00a0\u00a0<\/span><\/p>\r\n<hr \/>\r\n<p><span style=\"color: #008000;\"><strong>Date<\/strong><\/span> : Vendredi\u00a0 Janvier (date exacte inconnue)<\/p>\r\n<p><b>Galette des rois<\/b><\/p>\r\n<p><span style=\"color: #000000;\">[A destination des adh\u00e9rents \u00e0 Partir de 20h30 \u00e0 la salle de Servel.\u00a0\u00a0<\/span><\/p>\r\n<hr \/>\r\n<p><span style=\"color: #008000;\"><strong>Date<\/strong><\/span> : Dimanche 18 Janvier\u00a0 2026<\/p>\r\n<p><b>Dimanche On Joue<\/b><\/p>\r\n<p><span style=\"color: #000000;\">[Ouvert \u00e0 tous] \u00e0 Partir de 14 h \u00e0 la salle de Servel. [pour les adh\u00e9rents seulement] \u00e0 partir de 19 h repas en mode auberge espagnole.<\/span><\/p>\r\n<p>&nbsp;<\/p>\r\n<hr \/>\r\n<p><span style=\"color: #008000;\"><strong>Date<\/strong><\/span> : Dimanche 08 Fevrier 2026<\/p>\r\n<p><b>Dimanche On Joue<\/b><\/p>\r\n<p><span style=\"color: #000000;\">[Ouvert \u00e0 tous] \u00e0 Partir de 14 h \u00e0 la salle de Servel.\u00a0 [pour les adh\u00e9rents seulement] \u00e0 partir de 19 h repas en mode auberge espagnole.<\/span><\/p>\r\n<hr \/>\r\n<p>&nbsp;<\/p>\r\n<p><span style=\"color: #008000;\"><strong>Date<\/strong><\/span> : Dimanche 22 Mars 2026<\/p>\r\n<p><b>Dimanche On Joue<\/b><\/p>\r\n<p><span style=\"color: #000000;\">[Ouvert \u00e0 tous] \u00e0 Partir de 14 h \u00e0 la salle de Servel. [pour les adh\u00e9rents seulement] \u00e0 partir de 19 h repas en mode auberge espagnole.<\/span><\/p>\r\n<hr \/>\r\n<p>&nbsp;<\/p>\r\n<p><span style=\"color: #008000;\"><strong>Date<\/strong><\/span> : Samedi et Dimanche 23 \/24 Mai 2026<\/p>\r\n<p><strong>Week end Jeux !<\/strong><\/p>\r\n<p><span style=\"color: #000000;\">[A destination des adh\u00e9rents] Salle du Rusquet .repas en mode auberge espagnole.<\/span><\/p>\r\n<hr \/>\r\n<p><span style=\"color: #008000;\"><strong>Date<\/strong><\/span> : Dimanche\u00a0 14 Juin 2026<\/p>\r\n<p><b>Dimanche On Joue<\/b><\/p>\r\n<p><span style=\"color: #000000;\">[Ouvert \u00e0 tous] \u00e0 Partir de 14 h \u00e0 la salle de Servel. [pour les adh\u00e9rents seulement] \u00e0 partir de 19 h repas en mode auberge espagnole.<\/span><\/p>\r\n<p>&nbsp;<\/p>\r\n<hr \/>\r\n<p><span style=\"color: #008000;\"><strong>Date<\/strong><\/span> : Dimanche 26 Juillet 2026<\/p>\r\n<p><b>Dimanche On Joue<\/b><\/p>\r\n<p><span style=\"color: #000000;\">[Ouvert \u00e0 tous] \u00e0 Partir de 14 h \u00e0 la salle de Servel. [pour les adh\u00e9rents seulement] \u00e0 partir de 19 h repas en mode auberge espagnole.<\/span><\/p>\r\n<p>&nbsp;<\/p>\r\n<hr \/>\r\n<p><span style=\"color: #008000;\"><strong>Date<\/strong><\/span> : Dimanche 16 Aout\u00a0 2026<\/p>\r\n<p><b>Dimanche On Joue<\/b><\/p>\r\n<p><span style=\"color: #000000;\">[Ouvert \u00e0 tous] \u00e0 Partir de 14 h \u00e0 la salle de Servel. [pour les adh\u00e9rents seulement] \u00e0 partir de 19 h repas en mode auberge espagnole.<\/span><\/p>","protected":false},"excerpt":{"rendered":"<p>Date : 03 Octobre Assembl\u00e9e g\u00e9n\u00e9rale\u00a0 [A destination des adh\u00e9rents] Salle du Rusquet. Seul les membres \u00e0 jour peuvent voter! &nbsp; Date : Dimanche 16 Novembre 2025 Dimanche On Joue [Ouvert \u00e0 tous] \u00e0 Partir de 14 h \u00e0 la salle de Servel.\u00a0 [pour les adh\u00e9rents seulement] \u00e0 partir de 19 h repas en mode [&hellip;]<\/p>\n","protected":false},"author":9,"featured_media":0,"parent":0,"menu_order":3,"comment_status":"closed","ping_status":"closed","template":"","meta":[],"_links":{"self":[{"href":"https:\/\/parties-civiles-asso.fr\/wordpress\/index.php?rest_route=\/wp\/v2\/pages\/7565"}],"collection":[{"href":"https:\/\/parties-civiles-asso.fr\/wordpress\/index.php?rest_route=\/wp\/v2\/pages"}],"about":[{"href":"https:\/\/parties-civiles-asso.fr\/wordpress\/index.php?rest_route=\/wp\/v2\/types\/page"}],"author":[{"embeddable":true,"href":"https:\/\/parties-civiles-asso.fr\/wordpress\/index.php?rest_route=\/wp\/v2\/users\/9"}],"replies":[{"embeddable":true,"href":"https:\/\/parties-civiles-asso.fr\/wordpress\/index.php?rest_route=%2Fwp%2Fv2%2Fcomments&post=7565"}],"version-history":[{"count":34,"href":"https:\/\/parties-civiles-asso.fr\/wordpress\/index.php?rest_route=\/wp\/v2\/pages\/7565\/revisions"}],"predecessor-version":[{"id":14354,"href":"https:\/\/parties-civiles-asso.fr\/wordpress\/index.php?rest_route=\/wp\/v2\/pages\/7565\/revisions\/14354"}],"wp:attachment":[{"href":"https:\/\/parties-civiles-asso.fr\/wordpress\/index.php?rest_route=%2Fwp%2Fv2%2Fmedia&parent=7565"}],"curies":[{"name":"wp","href":"https:\/\/api.w.org\/{rel}","templated":true}]}}