{"id":4193,"date":"2008-06-01T23:04:09","date_gmt":"2008-06-01T21:04:09","guid":{"rendered":"http:\/\/parties.civiles.free.fr\/blog\/?page_id=6"},"modified":"2023-09-23T10:36:02","modified_gmt":"2023-09-23T08:36:02","slug":"presentation-de-lassociation","status":"publish","type":"page","link":"https:\/\/parties-civiles-asso.fr\/wordpress\/?page_id=4193","title":{"rendered":"Qui sommes nous ?"},"content":{"rendered":"<p><img loading=\"lazy\" class=\"aligncenter\" title=\"logo PC\" src=\"http:\/\/parties-civiles-asso.fr\/files\/images\/logo150.png\" alt=\"\" width=\"150\" height=\"152\" \/><\/p>\n<p><center><strong>Jeux de plateau &#8211; Jeux de figurines &#8211; Jeux de r\u00f4le &#8211; Murder Party<\/strong><\/center><\/p>\n<p>Cr\u00e9\u00e9e en Avril 2008, l&rsquo;association a pour but de promouvoir la pratique du jeux (notamment du jeu de soci\u00e9t\u00e9 moderne) dans la r\u00e9gion de Lannion. Ceci comprend l&rsquo;organisation d&rsquo;espaces de jeux, ainsi que la mise en relation des joueurs et l&rsquo;implication dans des \u00e9v\u00e8nements \u00e0 caract\u00e8re ludique (comme par exemple le <a href=\"http:\/\/scorfel.blogspot.com\/\">Festival Scorfel<\/a>).<\/p>\n<ul>\n<li><a href=\"http:\/\/parties-civiles-asso.fr\/files\/PC_statuts.pdf\">Statuts complets de l&rsquo;association<\/a><\/li>\n<li><a href=\"http:\/\/parties-civiles-asso.fr\/files\/PC_reglement_interieur.pdf\">R\u00e9glement d&rsquo;int\u00e9rieur de l&rsquo;association<\/a><\/li>\n<li><a href=\"http:\/\/parties-civiles-asso.fr\/files\/flyer_parties_civiles.pdf\">Flyer de pr\u00e9sentation<\/a><\/li>\n<li><a href=\"http:\/\/parties-civiles-asso.fr\/files\/images\/logo4k.png\">Logo Parties Civiles (resolution : 4867&#215;4810)<\/a><\/li>\n<\/ul>\n<p><strong>Le bulletin d&rsquo;inscription<\/strong><\/p>\n<p>peut \u00eatre t\u00e9l\u00e9charg\u00e9 en <a href=\"http:\/\/parties-civiles-asso.fr\/files\/bulletin_adhesion_PC.pdf\">cliquant ici<\/a><\/p>\n<p><strong>Nous contacter<\/strong><\/p>\n<ul>\n<li>e-mail : <span style=\"color: #008000;\">contact@ENLEVERparties-civiles-asso.fr<\/span> (enlevez le mot ENLEVER, pr\u00e9sent ici pour \u00e9viter le spam)<\/li>\n<li>t\u00e9l : Fran\u00e7ois (pr\u00e9sident) : 06.43.07.53.61<\/li>\n<\/ul>\n<p>Une liste de diffusion a \u00e9galement \u00e9t\u00e9 cr\u00e9\u00e9e pour se tenir au courant des prochains \u00e9v\u00e9nements (soir\u00e9es jeux, animations, actualit\u00e9 de l&rsquo;association). Pour vous y inscrire faites la demande en\u00a0cliquant <a href=\"https:\/\/framalistes.org\/sympa\/info\/parties_civiles\">ici<\/a>.<\/p>\n<p>Nous disposons \u00e9galement d&rsquo;un outil de signalisation de pr\u00e9sences qui sert \u00e0 communiquer sa participation pour chaque session. Pour s&rsquo;enregistrer faites en la demande par e-mail : <span style=\"color: #008000;\">contact@ENLEVERparties-civiles-asso.fr<\/span><\/p>\n","protected":false},"excerpt":{"rendered":"<p>Jeux de plateau &#8211; Jeux de figurines &#8211; Jeux de r\u00f4le &#8211; Murder Party Cr\u00e9\u00e9e en Avril 2008, l&rsquo;association a pour but de promouvoir la pratique du jeux (notamment du jeu de soci\u00e9t\u00e9 moderne) dans la r\u00e9gion de Lannion. Ceci comprend l&rsquo;organisation d&rsquo;espaces de jeux, ainsi que la mise en relation des joueurs et l&rsquo;implication [&hellip;]<\/p>\n","protected":false},"author":2,"featured_media":0,"parent":0,"menu_order":1,"comment_status":"closed","ping_status":"closed","template":"","meta":[],"_links":{"self":[{"href":"https:\/\/parties-civiles-asso.fr\/wordpress\/index.php?rest_route=\/wp\/v2\/pages\/4193"}],"collection":[{"href":"https:\/\/parties-civiles-asso.fr\/wordpress\/index.php?rest_route=\/wp\/v2\/pages"}],"about":[{"href":"https:\/\/parties-civiles-asso.fr\/wordpress\/index.php?rest_route=\/wp\/v2\/types\/page"}],"author":[{"embeddable":true,"href":"https:\/\/parties-civiles-asso.fr\/wordpress\/index.php?rest_route=\/wp\/v2\/users\/2"}],"replies":[{"embeddable":true,"href":"https:\/\/parties-civiles-asso.fr\/wordpress\/index.php?rest_route=%2Fwp%2Fv2%2Fcomments&post=4193"}],"version-history":[{"count":14,"href":"https:\/\/parties-civiles-asso.fr\/wordpress\/index.php?rest_route=\/wp\/v2\/pages\/4193\/revisions"}],"predecessor-version":[{"id":12495,"href":"https:\/\/parties-civiles-asso.fr\/wordpress\/index.php?rest_route=\/wp\/v2\/pages\/4193\/revisions\/12495"}],"wp:attachment":[{"href":"https:\/\/parties-civiles-asso.fr\/wordpress\/index.php?rest_route=%2Fwp%2Fv2%2Fmedia&parent=4193"}],"curies":[{"name":"wp","href":"https:\/\/api.w.org\/{rel}","templated":true}]}}